{"id":44281,"date":"2025-07-13T11:23:09","date_gmt":"2025-07-13T09:23:09","guid":{"rendered":"https:\/\/happymanut.betrue.fr\/videos\/"},"modified":"2025-10-01T12:29:45","modified_gmt":"2025-10-01T10:29:45","slug":"videos","status":"publish","type":"page","link":"https:\/\/www.happymanut.net\/en\/videos\/","title":{"rendered":"Videos"},"content":{"rendered":"\t\t<div data-elementor-type=\"wp-page\" data-elementor-id=\"44281\" class=\"elementor elementor-44281 elementor-5509\" data-elementor-post-type=\"page\">\n\t\t\t\t<div class=\"elementor-element elementor-element-5cceac14 e-flex e-con-boxed e-con e-parent\" data-id=\"5cceac14\" data-element_type=\"container\" data-e-type=\"container\" data-settings=\"{&quot;background_background&quot;:&quot;gradient&quot;}\">\n\t\t\t\t\t<div class=\"e-con-inner\">\n\t\t<div class=\"elementor-element elementor-element-5959d62 e-con-full e-flex e-con e-child\" data-id=\"5959d62\" data-element_type=\"container\" data-e-type=\"container\">\n\t\t\t\t<div class=\"elementor-element elementor-element-2bb3bdb elementor-widget elementor-widget-heading\" data-id=\"2bb3bdb\" data-element_type=\"widget\" data-e-type=\"widget\" data-widget_type=\"heading.default\">\n\t\t\t\t<div class=\"elementor-widget-container\">\n\t\t\t\t\t<h2 class=\"elementor-heading-title elementor-size-default\">How to save time with material handling? <\/h2>\t\t\t\t<\/div>\n\t\t\t\t<\/div>\n\t\t\t\t<div class=\"elementor-element elementor-element-ef6e122 elementor-widget elementor-widget-heading\" data-id=\"ef6e122\" data-element_type=\"widget\" data-e-type=\"widget\" data-widget_type=\"heading.default\">\n\t\t\t\t<div class=\"elementor-widget-container\">\n\t\t\t\t\t<h2 class=\"elementor-heading-title elementor-size-default\">Discover our solutions\nin <b>videos<b><\/b><\/h2>\t\t\t\t<\/div>\n\t\t\t\t<\/div>\n\t\t\t\t<\/div>\n\t\t<div class=\"elementor-element elementor-element-986cccc e-con-full e-flex e-con e-child\" data-id=\"986cccc\" data-element_type=\"container\" data-e-type=\"container\">\n\t\t\t\t<div class=\"elementor-element elementor-element-36c8b48 elementor-widget__width-initial elementor-widget elementor-widget-video\" data-id=\"36c8b48\" data-element_type=\"widget\" data-e-type=\"widget\" data-settings=\"{&quot;youtube_url&quot;:&quot;https:\\\/\\\/youtu.be\\\/QnuezWg7ScE&quot;,&quot;show_image_overlay&quot;:&quot;yes&quot;,&quot;image_overlay&quot;:{&quot;url&quot;:&quot;https:\\\/\\\/www.happymanut.net\\\/wp-content\\\/uploads\\\/2025\\\/07\\\/Capture-decran-2025-07-13-a-17.07.55-scaled.png&quot;,&quot;id&quot;:44282,&quot;size&quot;:&quot;&quot;,&quot;alt&quot;:&quot;Vid\\u00e9os d\\u00e9monstration \\u00e9quipement inox manutention&quot;,&quot;source&quot;:&quot;library&quot;},&quot;lightbox&quot;:&quot;yes&quot;,&quot;video_type&quot;:&quot;youtube&quot;,&quot;controls&quot;:&quot;yes&quot;}\" data-widget_type=\"video.default\">\n\t\t\t\t<div class=\"elementor-widget-container\">\n\t\t\t\t\t\t\t<div class=\"elementor-wrapper elementor-open-lightbox\">\n\t\t\t\t\t\t\t<div class=\"elementor-custom-embed-image-overlay\" data-elementor-open-lightbox=\"yes\" data-elementor-lightbox=\"{&quot;type&quot;:&quot;video&quot;,&quot;videoType&quot;:&quot;youtube&quot;,&quot;url&quot;:&quot;https:\\\/\\\/www.youtube.com\\\/embed\\\/QnuezWg7ScE?feature=oembed&amp;start&amp;end&amp;wmode=opaque&amp;loop=0&amp;controls=1&amp;mute=0&amp;rel=0&amp;cc_load_policy=0&quot;,&quot;autoplay&quot;:&quot;&quot;,&quot;modalOptions&quot;:{&quot;id&quot;:&quot;elementor-lightbox-36c8b48&quot;,&quot;entranceAnimation&quot;:&quot;&quot;,&quot;entranceAnimation_tablet&quot;:&quot;&quot;,&quot;entranceAnimation_mobile&quot;:&quot;&quot;,&quot;videoAspectRatio&quot;:&quot;169&quot;}}\" data-e-action-hash=\"#elementor-action%3Aaction%3Dlightbox%26settings%3DeyJ0eXBlIjoidmlkZW8iLCJ2aWRlb1R5cGUiOiJ5b3V0dWJlIiwidXJsIjoiaHR0cHM6XC9cL3d3dy55b3V0dWJlLmNvbVwvZW1iZWRcL1FudWV6V2c3U2NFP2ZlYXR1cmU9b2VtYmVkJnN0YXJ0JmVuZCZ3bW9kZT1vcGFxdWUmbG9vcD0wJmNvbnRyb2xzPTEmbXV0ZT0wJnJlbD0wJmNjX2xvYWRfcG9saWN5PTAiLCJhdXRvcGxheSI6IiIsIm1vZGFsT3B0aW9ucyI6eyJpZCI6ImVsZW1lbnRvci1saWdodGJveC0zNmM4YjQ4IiwiZW50cmFuY2VBbmltYXRpb24iOiIiLCJlbnRyYW5jZUFuaW1hdGlvbl90YWJsZXQiOiIiLCJlbnRyYW5jZUFuaW1hdGlvbl9tb2JpbGUiOiIiLCJ2aWRlb0FzcGVjdFJhdGlvIjoiMTY5In19\">\n\t\t\t\t\t\t\t\t\t\t\t<img fetchpriority=\"high\" decoding=\"async\" width=\"2560\" height=\"1405\" src=\"https:\/\/www.happymanut.net\/wp-content\/uploads\/2025\/07\/Capture-decran-2025-07-13-a-17.07.55-scaled.png\" class=\"attachment-full size-full wp-image-44282\" alt=\"Stainless steel material handling equipment demonstration videos\" srcset=\"https:\/\/www.happymanut.net\/wp-content\/uploads\/2025\/07\/Capture-decran-2025-07-13-a-17.07.55-scaled.png 2560w, https:\/\/www.happymanut.net\/wp-content\/uploads\/2025\/07\/Capture-decran-2025-07-13-a-17.07.55-scaled-600x329.png 600w, https:\/\/www.happymanut.net\/wp-content\/uploads\/2025\/07\/Capture-decran-2025-07-13-a-17.07.55-300x165.png 300w, https:\/\/www.happymanut.net\/wp-content\/uploads\/2025\/07\/Capture-decran-2025-07-13-a-17.07.55-1024x562.png 1024w, https:\/\/www.happymanut.net\/wp-content\/uploads\/2025\/07\/Capture-decran-2025-07-13-a-17.07.55-768x422.png 768w, https:\/\/www.happymanut.net\/wp-content\/uploads\/2025\/07\/Capture-decran-2025-07-13-a-17.07.55-1536x843.png 1536w, https:\/\/www.happymanut.net\/wp-content\/uploads\/2025\/07\/Capture-decran-2025-07-13-a-17.07.55-2048x1124.png 2048w\" sizes=\"(max-width: 2560px) 100vw, 2560px\" \/>\t\t\t\t\t\t\t\t\t\t\t\t\t\t\t\t<div class=\"elementor-custom-embed-play\" role=\"button\" aria-label=\"Play Video about Vid\u00e9os d\u00e9monstration \u00e9quipement inox manutention\" tabindex=\"0\">\n\t\t\t\t\t\t\t<i aria-hidden=\"true\" class=\"eicon-play\"><\/i>\t\t\t\t\t\t<\/div>\n\t\t\t\t\t\t\t\t\t<\/div>\n\t\t\t\t\t<\/div>\n\t\t\t\t\t\t<\/div>\n\t\t\t\t<\/div>\n\t\t\t\t<\/div>\n\t\t\t\t\t<\/div>\n\t\t\t\t<\/div>\n\t\t<div class=\"elementor-element elementor-element-462d6c6c e-flex e-con-boxed e-con e-parent\" data-id=\"462d6c6c\" data-element_type=\"container\" data-e-type=\"container\">\n\t\t\t\t\t<div class=\"e-con-inner\">\n\t\t<div class=\"elementor-element elementor-element-2baa1bbe e-con-full e-flex e-con e-child\" data-id=\"2baa1bbe\" data-element_type=\"container\" data-e-type=\"container\">\n\t\t<div class=\"elementor-element elementor-element-2011fe38 e-con-full e-flex elementor-invisible e-con e-child\" data-id=\"2011fe38\" data-element_type=\"container\" data-e-type=\"container\" data-settings=\"{&quot;animation&quot;:&quot;fadeIn&quot;}\">\n\t\t<div class=\"elementor-element elementor-element-65355483 e-con-full animated-fast e-flex elementor-invisible e-con e-child\" data-id=\"65355483\" data-element_type=\"container\" data-e-type=\"container\" data-settings=\"{&quot;animation&quot;:&quot;fadeInLeft&quot;,&quot;animation_delay&quot;:200}\">\n\t\t\t\t<div class=\"elementor-element elementor-element-400dd12e elementor-widget__width-initial elementor-widget-mobile__width-inherit elementor-widget elementor-widget-heading\" data-id=\"400dd12e\" data-element_type=\"widget\" data-e-type=\"widget\" data-widget_type=\"heading.default\">\n\t\t\t\t<div class=\"elementor-widget-container\">\n\t\t\t\t\t<h2 class=\"elementor-heading-title elementor-size-default\">Are you looking for all-stainless steel material handling equipment?\n<br> \n<\/h2>\t\t\t\t<\/div>\n\t\t\t\t<\/div>\n\t\t\t\t<\/div>\n\t\t\t\t<div class=\"elementor-element elementor-element-33471252 elementor-widget__width-initial elementor-widget-mobile__width-inherit elementor-widget elementor-widget-heading\" data-id=\"33471252\" data-element_type=\"widget\" data-e-type=\"widget\" data-widget_type=\"heading.default\">\n\t\t\t\t<div class=\"elementor-widget-container\">\n\t\t\t\t\t<span class=\"elementor-heading-title elementor-size-default\">Work more simply, more efficiently <br> with a positive attitude <\/span>\t\t\t\t<\/div>\n\t\t\t\t<\/div>\n\t\t\t\t<\/div>\n\t\t\t\t<\/div>\n\t\t<div class=\"elementor-element elementor-element-59544190 e-con-full e-flex e-con e-child\" data-id=\"59544190\" data-element_type=\"container\" data-e-type=\"container\">\n\t\t\t\t<div class=\"elementor-element elementor-element-589a83ea elementor-widget__width-initial elementor-widget-mobile__width-inherit elementor-widget elementor-widget-heading\" data-id=\"589a83ea\" data-element_type=\"widget\" data-e-type=\"widget\" data-widget_type=\"heading.default\">\n\t\t\t\t<div class=\"elementor-widget-container\">\n\t\t\t\t\t<span class=\"elementor-heading-title elementor-size-default\">Move, lift, pour, turn over\u2026 Actions that require the right tools: do you know them? \n<br>At HAPPYMANUT, we know that handling heavy loads requires caution and smart solutions. That's why we are here to simplify your professional life with our specialized tools. \n<br><\/span>\t\t\t\t<\/div>\n\t\t\t\t<\/div>\n\t\t\t\t<\/div>\n\t\t\t\t\t<\/div>\n\t\t\t\t<\/div>\n\t\t<div class=\"elementor-element elementor-element-b4d6ebd e-flex e-con-boxed e-con e-parent\" data-id=\"b4d6ebd\" data-element_type=\"container\" data-e-type=\"container\">\n\t\t\t\t\t<div class=\"e-con-inner\">\n\t\t<div class=\"elementor-element elementor-element-42072e2 e-con-full e-flex e-con e-child\" data-id=\"42072e2\" data-element_type=\"container\" data-e-type=\"container\">\n\t\t\t\t<div class=\"elementor-element elementor-element-b99710f elementor-widget elementor-widget-taxonomy-filter\" data-id=\"b99710f\" data-element_type=\"widget\" data-e-type=\"widget\" data-settings=\"{&quot;selected_element&quot;:&quot;8ff6aaa&quot;,&quot;taxonomy&quot;:&quot;famille_d_equipement&quot;,&quot;item_alignment_horizontal_mobile&quot;:&quot;center&quot;,&quot;multiple_selection&quot;:&quot;no&quot;,&quot;horizontal_scroll&quot;:&quot;disable&quot;}\" data-widget_type=\"taxonomy-filter.default\">\n\t\t\t\t<div class=\"elementor-widget-container\">\n\t\t\t\t\t\t\t<search class=\"e-filter\" role=\"search\" data-base-url=\"https:\/\/www.happymanut.net\/en\/\" data-page-num=\"1\">\n\t\t\t\t\t\t\t<button class=\"e-filter-item\" data-filter=\"adjustable-height-sinks\" aria-pressed=\"false\">Adjustable Height Sinks<\/button>\n\t\t\t\t\t\t\t<button class=\"e-filter-item\" data-filter=\"adjustable-stainless-steel-trolleys\" aria-pressed=\"false\">Adjustable Stainless Steel trolleys<\/button>\n\t\t\t\t\t\t\t<button class=\"e-filter-item\" data-filter=\"electric-height-adjustable-tables\" aria-pressed=\"false\">Electric height-adjustable tables<\/button>\n\t\t\t\t\t\t\t<button class=\"e-filter-item\" data-filter=\"electric-mobile-lifters\" aria-pressed=\"false\">Electric mobile lifters<\/button>\n\t\t\t\t\t\t\t<button class=\"e-filter-item\" data-filter=\"fixed-scissor-lift-tables\" aria-pressed=\"false\">Fixed Scissor Lift Tables<\/button>\n\t\t\t\t\t\t\t<button class=\"e-filter-item\" data-filter=\"height-adjustable-tables\" aria-pressed=\"false\">Height-Adjustable Tables<\/button>\n\t\t\t\t\t\t\t<button class=\"e-filter-item\" data-filter=\"mobile-lift-tables\" aria-pressed=\"false\">Mobile Lift Tables<\/button>\n\t\t\t\t\t\t\t<button class=\"e-filter-item\" data-filter=\"pallet-truck\" aria-pressed=\"false\">Pallet trucks<\/button>\n\t\t\t\t\t\t\t<button class=\"e-filter-item\" data-filter=\"smart-electric-tugs\" aria-pressed=\"false\">Smart electric tugs<\/button>\n\t\t\t\t\t\t\t<button class=\"e-filter-item\" data-filter=\"stainless-steel-roller-conveyors\" aria-pressed=\"false\">Stainless steel roller conveyors<\/button>\n\t\t\t\t\t\t\t<button class=\"e-filter-item\" data-filter=\"self-levelling-trolleys\" aria-pressed=\"false\">Stainless Steel Self Levelling Trolleys<\/button>\n\t\t\t\t\t\t\t<button class=\"e-filter-item\" data-filter=\"stainless-steel-stackers\" aria-pressed=\"false\">Stainless Steel Stackers<\/button>\n\t\t\t\n\t\t\t\t\t\t\t\t\t<button class=\"e-filter-item\" data-filter=\"__all\" aria-pressed=\"true\">\n\t\t\t\tAll\t\t\t<\/button>\n\t\t\t\t\t<\/search>\n\t\t\t\t\t\t<\/div>\n\t\t\t\t<\/div>\n\t\t\t\t<\/div>\n\t\t<div class=\"elementor-element elementor-element-7bf1c60 e-con-full e-flex e-con e-child\" data-id=\"7bf1c60\" data-element_type=\"container\" data-e-type=\"container\">\n\t\t\t\t<div class=\"woocommerce elementor-element elementor-element-8ff6aaa elementor-grid-3 elementor-grid-tablet-2 elementor-grid-mobile-1 elementor-widget elementor-widget-loop-grid\" data-id=\"8ff6aaa\" data-element_type=\"widget\" data-e-type=\"widget\" data-settings=\"{&quot;template_id&quot;:44426,&quot;_skin&quot;:&quot;product&quot;,&quot;columns&quot;:3,&quot;pagination_type&quot;:&quot;load_more_on_click&quot;,&quot;row_gap&quot;:{&quot;unit&quot;:&quot;px&quot;,&quot;size&quot;:10,&quot;sizes&quot;:[]},&quot;columns_tablet&quot;:&quot;2&quot;,&quot;columns_mobile&quot;:&quot;1&quot;,&quot;edit_handle_selector&quot;:&quot;[data-elementor-type=\\&quot;loop-item\\&quot;]&quot;,&quot;load_more_spinner&quot;:{&quot;value&quot;:&quot;fas fa-spinner&quot;,&quot;library&quot;:&quot;fa-solid&quot;},&quot;row_gap_tablet&quot;:{&quot;unit&quot;:&quot;px&quot;,&quot;size&quot;:&quot;&quot;,&quot;sizes&quot;:[]},&quot;row_gap_mobile&quot;:{&quot;unit&quot;:&quot;px&quot;,&quot;size&quot;:&quot;&quot;,&quot;sizes&quot;:[]}}\" data-widget_type=\"loop-grid.product\">\n\t\t\t\t<div class=\"elementor-widget-container\">\n\t\t\t\t\t\t\t<div class=\"e-loop-nothing-found-message\">\n\t\t<\/div>\n\t\t\t\t\t\t<\/div>\n\t\t\t\t<\/div>\n\t\t\t\t<\/div>\n\t\t\t\t\t<\/div>\n\t\t\t\t<\/div>\n\t\t<div class=\"elementor-element elementor-element-d58ef9c e-flex e-con-boxed e-con e-parent\" data-id=\"d58ef9c\" data-element_type=\"container\" data-e-type=\"container\" data-settings=\"{&quot;background_background&quot;:&quot;classic&quot;}\">\n\t\t\t\t\t<div class=\"e-con-inner\">\n\t\t\t\t<div class=\"elementor-element elementor-element-cd30405 elementor-widget__width-initial elementor-widget-mobile__width-inherit elementor-widget elementor-widget-heading\" data-id=\"cd30405\" data-element_type=\"widget\" data-e-type=\"widget\" data-widget_type=\"heading.default\">\n\t\t\t\t<div class=\"elementor-widget-container\">\n\t\t\t\t\t<h2 class=\"elementor-heading-title elementor-size-default\">MORE VIDEOS ON OUR YOUTUBE CHANNEL<\/h2>\t\t\t\t<\/div>\n\t\t\t\t<\/div>\n\t\t\t\t<div class=\"elementor-element elementor-element-205ef27 elementor-widget__width-initial elementor-widget-mobile__width-inherit elementor-widget elementor-widget-heading\" data-id=\"205ef27\" data-element_type=\"widget\" data-e-type=\"widget\" data-widget_type=\"heading.default\">\n\t\t\t\t<div class=\"elementor-widget-container\">\n\t\t\t\t\t<span class=\"elementor-heading-title elementor-size-default\">Happy to share our tips for working better, safer, and lighter!<\/span>\t\t\t\t<\/div>\n\t\t\t\t<\/div>\n\t\t\t\t<div class=\"elementor-element elementor-element-a1abef1 elementor-align-center elementor-mobile-align-center elementor-widget elementor-widget-button\" data-id=\"a1abef1\" data-element_type=\"widget\" data-e-type=\"widget\" data-widget_type=\"button.default\">\n\t\t\t\t<div class=\"elementor-widget-container\">\n\t\t\t\t\t\t\t\t\t<div class=\"elementor-button-wrapper\">\n\t\t\t\t\t<a class=\"elementor-button elementor-button-link elementor-size-sm\" href=\"https:\/\/www.youtube.com\/@HAPPYMANUT\" target=\"_blank\">\n\t\t\t\t\t\t<span class=\"elementor-button-content-wrapper\">\n\t\t\t\t\t\t<span class=\"elementor-button-icon\">\n\t\t\t\t<i aria-hidden=\"true\" class=\"fab fa-youtube\"><\/i>\t\t\t<\/span>\n\t\t\t\t\t\t\t\t\t<span class=\"elementor-button-text\">DISCOVER OUR CHANNEL<\/span>\n\t\t\t\t\t<\/span>\n\t\t\t\t\t<\/a>\n\t\t\t\t<\/div>\n\t\t\t\t\t\t\t\t<\/div>\n\t\t\t\t<\/div>\n\t\t\t\t\t<\/div>\n\t\t\t\t<\/div>\n\t\t<div class=\"elementor-element elementor-element-2026b35 e-flex e-con-boxed e-con e-parent\" data-id=\"2026b35\" data-element_type=\"container\" data-e-type=\"container\">\n\t\t\t\t\t<div class=\"e-con-inner\">\n\t\t\t\t<div class=\"elementor-element elementor-element-442bba3 elementor-widget elementor-widget-image\" data-id=\"442bba3\" data-element_type=\"widget\" data-e-type=\"widget\" data-widget_type=\"image.default\">\n\t\t\t\t<div class=\"elementor-widget-container\">\n\t\t\t\t\t\t\t\t\t\t\t\t\t\t\t<img decoding=\"async\" width=\"768\" height=\"479\" src=\"https:\/\/www.happymanut.net\/wp-content\/uploads\/2025\/09\/HM_home-youtube-768x479.png\" class=\"attachment-medium_large size-medium_large wp-image-44283\" alt=\"Happymanut YouTube channel\" srcset=\"https:\/\/www.happymanut.net\/wp-content\/uploads\/2025\/09\/HM_home-youtube-768x479.png 768w, https:\/\/www.happymanut.net\/wp-content\/uploads\/2025\/09\/HM_home-youtube-scaled-600x374.png 600w, https:\/\/www.happymanut.net\/wp-content\/uploads\/2025\/09\/HM_home-youtube-300x187.png 300w, https:\/\/www.happymanut.net\/wp-content\/uploads\/2025\/09\/HM_home-youtube-1024x638.png 1024w, https:\/\/www.happymanut.net\/wp-content\/uploads\/2025\/09\/HM_home-youtube-1536x957.png 1536w, https:\/\/www.happymanut.net\/wp-content\/uploads\/2025\/09\/HM_home-youtube-2048x1277.png 2048w\" sizes=\"(max-width: 768px) 100vw, 768px\" \/>\t\t\t\t\t\t\t\t\t\t\t\t\t\t\t<\/div>\n\t\t\t\t<\/div>\n\t\t\t\t\t<\/div>\n\t\t\t\t<\/div>\n\t\t\t\t<\/div>\n\t\t","protected":false},"excerpt":{"rendered":"<p>How to save time with material handling? Discover our solutions in videos Are you looking for all-stainless steel material handling equipment? Work more simply, more efficiently with a positive attitude Move, lift, pour, turn over\u2026 Actions that require the right tools: do you know them? At HAPPYMANUT, we know that handling heavy loads requires caution [&hellip;]<\/p>\n","protected":false},"author":1,"featured_media":0,"parent":0,"menu_order":0,"comment_status":"closed","ping_status":"closed","template":"","meta":{"_acf_changed":false,"footnotes":""},"class_list":["post-44281","page","type-page","status-publish","hentry"],"acf":[],"yoast_head":"<!-- This site is optimized with the Yoast SEO Premium plugin v21.9 (Yoast SEO v21.9) - https:\/\/yoast.com\/wordpress\/plugins\/seo\/ -->\n<title>Videos - HappyManut<\/title>\n<meta name=\"robots\" content=\"index, follow, max-snippet:-1, max-image-preview:large, max-video-preview:-1\" \/>\n<link rel=\"canonical\" href=\"https:\/\/www.happymanut.net\/en\/videos\/\" \/>\n<meta property=\"og:locale\" content=\"en_US\" \/>\n<meta property=\"og:type\" content=\"article\" \/>\n<meta property=\"og:title\" content=\"Videos\" \/>\n<meta property=\"og:description\" content=\"How to save time with material handling? Discover our solutions in videos Are you looking for all-stainless steel material handling equipment? Work more simply, more efficiently with a positive attitude Move, lift, pour, turn over\u2026 Actions that require the right tools: do you know them? At HAPPYMANUT, we know that handling heavy loads requires caution [&hellip;]\" \/>\n<meta property=\"og:url\" content=\"https:\/\/www.happymanut.net\/en\/videos\/\" \/>\n<meta property=\"og:site_name\" content=\"HappyManut\" \/>\n<meta property=\"article:modified_time\" content=\"2025-10-01T10:29:45+00:00\" \/>\n<meta property=\"og:image\" content=\"https:\/\/www.happymanut.net\/wp-content\/uploads\/2025\/09\/HM_home-youtube-768x479.png\" \/>\n<meta name=\"twitter:card\" content=\"summary_large_image\" \/>\n<meta name=\"twitter:label1\" content=\"Est. reading time\" \/>\n\t<meta name=\"twitter:data1\" content=\"1 minute\" \/>\n<script type=\"application\/ld+json\" class=\"yoast-schema-graph\">{\"@context\":\"https:\/\/schema.org\",\"@graph\":[{\"@type\":\"WebPage\",\"@id\":\"https:\/\/www.happymanut.net\/en\/videos\/\",\"url\":\"https:\/\/www.happymanut.net\/en\/videos\/\",\"name\":\"Videos - HappyManut\",\"isPartOf\":{\"@id\":\"https:\/\/www.happymanut.net\/en\/#website\"},\"datePublished\":\"2025-07-13T09:23:09+00:00\",\"dateModified\":\"2025-10-01T10:29:45+00:00\",\"breadcrumb\":{\"@id\":\"https:\/\/www.happymanut.net\/en\/videos\/#breadcrumb\"},\"inLanguage\":\"en-US\",\"potentialAction\":[{\"@type\":\"ReadAction\",\"target\":[\"https:\/\/www.happymanut.net\/en\/videos\/\"]}]},{\"@type\":\"BreadcrumbList\",\"@id\":\"https:\/\/www.happymanut.net\/en\/videos\/#breadcrumb\",\"itemListElement\":[{\"@type\":\"ListItem\",\"position\":1,\"name\":\"Home\",\"item\":\"https:\/\/www.happymanut.net\/en\/\"},{\"@type\":\"ListItem\",\"position\":2,\"name\":\"Videos\"}]},{\"@type\":\"WebSite\",\"@id\":\"https:\/\/www.happymanut.net\/en\/#website\",\"url\":\"https:\/\/www.happymanut.net\/en\/\",\"name\":\"HappyManut\",\"description\":\"Solutions de manutention ergonomiques pour milieux exigeants\",\"potentialAction\":[{\"@type\":\"SearchAction\",\"target\":{\"@type\":\"EntryPoint\",\"urlTemplate\":\"https:\/\/www.happymanut.net\/en\/?s={search_term_string}\"},\"query-input\":\"required name=search_term_string\"}],\"inLanguage\":\"en-US\"}]}<\/script>\n<!-- \/ Yoast SEO Premium plugin. -->","yoast_head_json":{"title":"Videos - HappyManut","robots":{"index":"index","follow":"follow","max-snippet":"max-snippet:-1","max-image-preview":"max-image-preview:large","max-video-preview":"max-video-preview:-1"},"canonical":"https:\/\/www.happymanut.net\/en\/videos\/","og_locale":"en_US","og_type":"article","og_title":"Videos","og_description":"How to save time with material handling? Discover our solutions in videos Are you looking for all-stainless steel material handling equipment? Work more simply, more efficiently with a positive attitude Move, lift, pour, turn over\u2026 Actions that require the right tools: do you know them? At HAPPYMANUT, we know that handling heavy loads requires caution [&hellip;]","og_url":"https:\/\/www.happymanut.net\/en\/videos\/","og_site_name":"HappyManut","article_modified_time":"2025-10-01T10:29:45+00:00","og_image":[{"url":"https:\/\/www.happymanut.net\/wp-content\/uploads\/2025\/09\/HM_home-youtube-768x479.png"}],"twitter_card":"summary_large_image","twitter_misc":{"Est. reading time":"1 minute"},"schema":{"@context":"https:\/\/schema.org","@graph":[{"@type":"WebPage","@id":"https:\/\/www.happymanut.net\/en\/videos\/","url":"https:\/\/www.happymanut.net\/en\/videos\/","name":"Videos - HappyManut","isPartOf":{"@id":"https:\/\/www.happymanut.net\/en\/#website"},"datePublished":"2025-07-13T09:23:09+00:00","dateModified":"2025-10-01T10:29:45+00:00","breadcrumb":{"@id":"https:\/\/www.happymanut.net\/en\/videos\/#breadcrumb"},"inLanguage":"en-US","potentialAction":[{"@type":"ReadAction","target":["https:\/\/www.happymanut.net\/en\/videos\/"]}]},{"@type":"BreadcrumbList","@id":"https:\/\/www.happymanut.net\/en\/videos\/#breadcrumb","itemListElement":[{"@type":"ListItem","position":1,"name":"Home","item":"https:\/\/www.happymanut.net\/en\/"},{"@type":"ListItem","position":2,"name":"Videos"}]},{"@type":"WebSite","@id":"https:\/\/www.happymanut.net\/en\/#website","url":"https:\/\/www.happymanut.net\/en\/","name":"HappyManut","description":"Solutions de manutention ergonomiques pour milieux exigeants","potentialAction":[{"@type":"SearchAction","target":{"@type":"EntryPoint","urlTemplate":"https:\/\/www.happymanut.net\/en\/?s={search_term_string}"},"query-input":"required name=search_term_string"}],"inLanguage":"en-US"}]}},"_links":{"self":[{"href":"https:\/\/www.happymanut.net\/en\/wp-json\/wp\/v2\/pages\/44281","targetHints":{"allow":["GET"]}}],"collection":[{"href":"https:\/\/www.happymanut.net\/en\/wp-json\/wp\/v2\/pages"}],"about":[{"href":"https:\/\/www.happymanut.net\/en\/wp-json\/wp\/v2\/types\/page"}],"author":[{"embeddable":true,"href":"https:\/\/www.happymanut.net\/en\/wp-json\/wp\/v2\/users\/1"}],"replies":[{"embeddable":true,"href":"https:\/\/www.happymanut.net\/en\/wp-json\/wp\/v2\/comments?post=44281"}],"version-history":[{"count":0,"href":"https:\/\/www.happymanut.net\/en\/wp-json\/wp\/v2\/pages\/44281\/revisions"}],"wp:attachment":[{"href":"https:\/\/www.happymanut.net\/en\/wp-json\/wp\/v2\/media?parent=44281"}],"curies":[{"name":"wp","href":"https:\/\/api.w.org\/{rel}","templated":true}]}}